{"id":1586,"date":"2023-10-30T17:58:04","date_gmt":"2023-10-30T16:58:04","guid":{"rendered":"https:\/\/www.rueba.de\/?page_id=1586"},"modified":"2024-12-27T11:48:39","modified_gmt":"2024-12-27T10:48:39","slug":"home","status":"publish","type":"page","link":"https:\/\/www.rueba.de\/","title":{"rendered":"Home"},"content":{"rendered":"\t\t<div data-elementor-type=\"wp-page\" data-elementor-id=\"1586\" class=\"elementor elementor-1586\">\n\t\t\t\t<div class=\"elementor-element elementor-element-5fcf787e e-flex e-con-boxed e-con e-parent\" data-id=\"5fcf787e\" data-element_type=\"container\" data-e-type=\"container\">\n\t\t\t\t\t<div class=\"e-con-inner\">\n\t\t<div class=\"elementor-element elementor-element-1cab254c e-flex e-con-boxed e-con e-child\" data-id=\"1cab254c\" data-element_type=\"container\" data-e-type=\"container\">\n\t\t\t\t\t<div class=\"e-con-inner\">\n\t\t\t\t<div class=\"elementor-element elementor-element-43776846 elementor-widget elementor-widget-image\" data-id=\"43776846\" data-element_type=\"widget\" data-e-type=\"widget\" data-widget_type=\"image.default\">\n\t\t\t\t<div class=\"elementor-widget-container\">\n\t\t\t\t\t\t\t\t\t\t\t\t\t\t\t<img fetchpriority=\"high\" decoding=\"async\" width=\"1182\" height=\"591\" src=\"https:\/\/www.rueba.de\/wp-content\/uploads\/2024\/01\/GP_Logo_Digital_RGB_Blau.png\" class=\"attachment-full size-full wp-image-1638\" alt=\"\" srcset=\"https:\/\/www.rueba.de\/wp-content\/uploads\/2024\/01\/GP_Logo_Digital_RGB_Blau.png 1182w, https:\/\/www.rueba.de\/wp-content\/uploads\/2024\/01\/GP_Logo_Digital_RGB_Blau-300x150.png 300w, https:\/\/www.rueba.de\/wp-content\/uploads\/2024\/01\/GP_Logo_Digital_RGB_Blau-1024x512.png 1024w, https:\/\/www.rueba.de\/wp-content\/uploads\/2024\/01\/GP_Logo_Digital_RGB_Blau-768x384.png 768w, https:\/\/www.rueba.de\/wp-content\/uploads\/2024\/01\/GP_Logo_Digital_RGB_Blau-1080x540.png 1080w\" sizes=\"(max-width: 1182px) 100vw, 1182px\" \/>\t\t\t\t\t\t\t\t\t\t\t\t\t\t\t<\/div>\n\t\t\t\t<\/div>\n\t\t\t\t<div class=\"elementor-element elementor-element-69f39e10 elementor-widget elementor-widget-heading\" data-id=\"69f39e10\" data-element_type=\"widget\" data-e-type=\"widget\" data-widget_type=\"heading.default\">\n\t\t\t\t<div class=\"elementor-widget-container\">\n\t\t\t\t\t<h1 class=\"elementor-heading-title elementor-size-default\">Die ELEKTRO R\u00dcBA GmbH hei\u00dft nun GEBR\u00dcDER PETERS Heilbronn GmbH. \n<\/h1>\t\t\t\t<\/div>\n\t\t\t\t<\/div>\n\t\t\t\t<div class=\"elementor-element elementor-element-352db5e7 elementor-widget elementor-widget-text-editor\" data-id=\"352db5e7\" data-element_type=\"widget\" data-e-type=\"widget\" data-widget_type=\"text-editor.default\">\n\t\t\t\t<div class=\"elementor-widget-container\">\n\t\t\t\t\t\t\t\t\tAb sofort finden Sie unser Dienstleistungsangebot sowie alle weiteren Informationen auf der zentralen Website von GEBR\u00dcDER PETERS:\t\t\t\t\t\t\t\t<\/div>\n\t\t\t\t<\/div>\n\t\t\t\t<div class=\"elementor-element elementor-element-68f6bfab elementor-widget elementor-widget-text-editor\" data-id=\"68f6bfab\" data-element_type=\"widget\" data-e-type=\"widget\" data-widget_type=\"text-editor.default\">\n\t\t\t\t<div class=\"elementor-widget-container\">\n\t\t\t\t\t\t\t\t\t<a href=\"https:\/\/www.gebrueder-peters.de\/\">www.gebrueder-peters.de<\/a>.\t\t\t\t\t\t\t\t<\/div>\n\t\t\t\t<\/div>\n\t\t\t\t<div class=\"elementor-element elementor-element-1b20ebe7 elementor-widget elementor-widget-text-editor\" data-id=\"1b20ebe7\" data-element_type=\"widget\" data-e-type=\"widget\" data-widget_type=\"text-editor.default\">\n\t\t\t\t<div class=\"elementor-widget-container\">\n\t\t\t\t\t\t\t\t\tTelefonisch erreichen Sie uns weiterhin wie gewohnt unter der Telefonnummer: +49 7133 97420-0.\t\t\t\t\t\t\t\t<\/div>\n\t\t\t\t<\/div>\n\t\t\t\t\t<\/div>\n\t\t\t\t<\/div>\n\t\t\t\t\t<\/div>\n\t\t\t\t<\/div>\n\t\t\t\t<\/div>\n\t\t","protected":false},"excerpt":{"rendered":"<p>Die ELEKTRO R\u00dcBA GmbH hei\u00dft nun GEBR\u00dcDER PETERS Heilbronn GmbH. Ab sofort finden Sie unser Dienstleistungsangebot sowie alle weiteren Informationen auf der zentralen Website von GEBR\u00dcDER PETERS:www.gebrueder-peters.de.Telefonisch erreichen Sie uns weiterhin wie gewohnt unter der Telefonnummer: +49 7133 97420-0.<\/p>\n","protected":false},"author":8,"featured_media":0,"parent":0,"menu_order":0,"comment_status":"closed","ping_status":"closed","template":"page-template-blank.php","meta":{"footnotes":""},"class_list":["post-1586","page","type-page","status-publish","hentry"],"aioseo_notices":[],"_links":{"self":[{"href":"https:\/\/www.rueba.de\/index.php?rest_route=\/wp\/v2\/pages\/1586","targetHints":{"allow":["GET"]}}],"collection":[{"href":"https:\/\/www.rueba.de\/index.php?rest_route=\/wp\/v2\/pages"}],"about":[{"href":"https:\/\/www.rueba.de\/index.php?rest_route=\/wp\/v2\/types\/page"}],"author":[{"embeddable":true,"href":"https:\/\/www.rueba.de\/index.php?rest_route=\/wp\/v2\/users\/8"}],"replies":[{"embeddable":true,"href":"https:\/\/www.rueba.de\/index.php?rest_route=%2Fwp%2Fv2%2Fcomments&post=1586"}],"version-history":[{"count":43,"href":"https:\/\/www.rueba.de\/index.php?rest_route=\/wp\/v2\/pages\/1586\/revisions"}],"predecessor-version":[{"id":1671,"href":"https:\/\/www.rueba.de\/index.php?rest_route=\/wp\/v2\/pages\/1586\/revisions\/1671"}],"wp:attachment":[{"href":"https:\/\/www.rueba.de\/index.php?rest_route=%2Fwp%2Fv2%2Fmedia&parent=1586"}],"curies":[{"name":"wp","href":"https:\/\/api.w.org\/{rel}","templated":true}]}}